{"id":84,"date":"2016-02-28T14:03:48","date_gmt":"2016-02-28T14:03:48","guid":{"rendered":"http:\/\/carmenchifiriuc.ro\/?page_id=84"},"modified":"2016-02-28T15:03:07","modified_gmt":"2016-02-28T15:03:07","slug":"patents","status":"publish","type":"page","link":"http:\/\/carmenchifiriuc.ro\/?page_id=84","title":{"rendered":"Patents"},"content":{"rendered":"<p style=\"text-align: justify;\"><strong>PATENTS GRANTED BY THE <\/strong><strong>ROMANIAN STATE OFFICE FOR INVENTIONS AND TRADEMARKS<\/strong><\/p>\n<ol style=\"text-align: justify;\">\n<li>Moldovan L., Alexandru V., Craciunescu O, Lazar V, <strong>Balotescu C.<\/strong> Patent no. 122181- 2007- Natural hydrogel for the regeneration of injured dermal tissue .<\/li>\n<li>Lazar V., <strong>Chifiriuc M.C<\/strong>., Cernat R., Bulai D. Patent no. 123145- 2007- Method for assessment of the bacterial biofilms to antimicrobial substances.<\/li>\n<\/ol>\n<ol style=\"text-align: justify;\" start=\"3\">\n<li>Lazar V.,<strong> Chifiriuc M.C<\/strong>., Cernat R., Bulai D. Patent no. 123146- 2007- Antibiotic susceptibility method for testing the microbial biofilms.<\/li>\n<\/ol>\n<ol style=\"text-align: justify;\">\n<li>Draghici C., Missir A.V., <strong>Chifiriuc M.C.<\/strong>, Ni\u0163ulescu G.M., Di\u0163u L.M. Patent no. 00426 00123418 C07C 335\/26 -2009 -Thioureides of 1-Methyl-1h-4-Pirazol-Carboxilic acid and preparation procedure.<\/li>\n<\/ol>\n<ol style=\"text-align: justify;\" start=\"5\">\n<li>Limban C., Missir A., Chirita I.C., Draghici B., <strong>Chifiriuc M.C.,<\/strong> Bleotu C. Patent no. RO122638 (B1)- 2009 -N, N&#8217;-Disubstituted Thioureides Of 2-(4-Fluorophenoxymethyl)-Benzoic Acid used as a anti-microbial agent.<\/li>\n<li>Limban C., Missir A., Chirita I.C., Miron T.C., Dr\u0103ghici C., <strong>Chifiriuc M.C.<\/strong>, Dr\u0103cea N.O. Patent no. RO123054 (B1)- 2010 -N-Acylated Thiourea Derivatives, Pharmaceutical Composition Containing The Same And Use Thereof.<\/li>\n<li>Limban C., Missir A., Chiri\u0163\u0103 I.C., C\u0103proiu M.T., <strong>Chifiriuc M.C.,<\/strong> Israil M.A., Delcaru C. Patent no. RO 123055\u00a0 (B1)- 2010- O-Acyl-2-Ethyl-11-Oxyimino-6,11-Dihydro-Dibenz[B,E]Oxepine Derivatives, Pharmaceutical Composition Containing The Same And Use Thereof.<\/li>\n<li>Stecoza C.E., Chirita I.C., C\u0103proiu M.T., Dr\u0103ghici C., <strong>Chifiriuc M.C.<\/strong>, Ilie C. Patent no. RO123114- -2009-(6,11-Dihydrodibenzo(b,e)thiepine-5,5-dioxide derivatives, process for preparing the same, pharmaceutical composition containing the same and utilization thereof as antimicrobial agents.<\/li>\n<li>Pelinescu D., <strong>Chifiriuc C. M.<\/strong>, S\u0103s\u0103rman E.,. Vassu Dimov T, Stoica I., Enache Soare S., Ionescu R., Avram I. Patent no. 123277 B1\/30.05.2011- Isolation Isolation, selection and preservation procedure of a probiotic strain of <em>Enterococcus faecium<\/em>, lactic bacteria of zootechnic use.<\/li>\n<li>Sasarman E<strong>., Chifiriuc C.M<\/strong>., Pelinescu D., Bleotu C., Vassu T., Stoica I. Patent no. 123278 B1\/ 30.05.2011 -Isolation Isolation, selection and preservation procedure of a probiotic strain of <em>Enterococcus faecium<\/em>, <em>Lactobacillus paracasei<\/em> ssp<em>. paracasei, <\/em>lactic bacteria for human use.<\/li>\n<\/ol>\n<p style=\"text-align: justify;\"><strong>\u00a0<\/strong><\/p>\n","protected":false},"excerpt":{"rendered":"<p>PATENTS GRANTED BY THE ROMANIAN STATE OFFICE FOR INVENTIONS AND TRADEMARKS Moldovan L., Alexandru V., Craciunescu O, Lazar V, Balotescu C. Patent no. 122181- 2007- Natural hydrogel for the regeneration of injured dermal tissue . Lazar V., Chifiriuc M.C., Cernat R., Bulai D. Patent no. 123145- 2007- Method for assessment of the bacterial biofilms to &hellip; <a href=\"http:\/\/carmenchifiriuc.ro\/?page_id=84\" class=\"more-link\">Continue reading <span class=\"screen-reader-text\">Patents<\/span> <span class=\"meta-nav\">&rarr;<\/span><\/a><\/p>\n","protected":false},"author":1,"featured_media":0,"parent":19,"menu_order":14,"comment_status":"closed","ping_status":"closed","template":"","meta":{"footnotes":""},"class_list":["post-84","page","type-page","status-publish","hentry"],"_links":{"self":[{"href":"http:\/\/carmenchifiriuc.ro\/index.php?rest_route=\/wp\/v2\/pages\/84","targetHints":{"allow":["GET"]}}],"collection":[{"href":"http:\/\/carmenchifiriuc.ro\/index.php?rest_route=\/wp\/v2\/pages"}],"about":[{"href":"http:\/\/carmenchifiriuc.ro\/index.php?rest_route=\/wp\/v2\/types\/page"}],"author":[{"embeddable":true,"href":"http:\/\/carmenchifiriuc.ro\/index.php?rest_route=\/wp\/v2\/users\/1"}],"replies":[{"embeddable":true,"href":"http:\/\/carmenchifiriuc.ro\/index.php?rest_route=%2Fwp%2Fv2%2Fcomments&post=84"}],"version-history":[{"count":2,"href":"http:\/\/carmenchifiriuc.ro\/index.php?rest_route=\/wp\/v2\/pages\/84\/revisions"}],"predecessor-version":[{"id":86,"href":"http:\/\/carmenchifiriuc.ro\/index.php?rest_route=\/wp\/v2\/pages\/84\/revisions\/86"}],"up":[{"embeddable":true,"href":"http:\/\/carmenchifiriuc.ro\/index.php?rest_route=\/wp\/v2\/pages\/19"}],"wp:attachment":[{"href":"http:\/\/carmenchifiriuc.ro\/index.php?rest_route=%2Fwp%2Fv2%2Fmedia&parent=84"}],"curies":[{"name":"wp","href":"https:\/\/api.w.org\/{rel}","templated":true}]}}