{"id":27,"date":"2016-02-27T09:06:00","date_gmt":"2016-02-27T09:06:00","guid":{"rendered":"http:\/\/carmenchifiriuc.ro\/?page_id=27"},"modified":"2016-02-28T12:51:01","modified_gmt":"2016-02-28T12:51:01","slug":"books","status":"publish","type":"page","link":"http:\/\/carmenchifiriuc.ro\/?page_id=27","title":{"rendered":"Books"},"content":{"rendered":"<p><strong><em>\u00a0<\/em><\/strong><strong>Monographs<\/strong><\/p>\n<ol>\n<li>Mihaescu G., <strong>Chifiriuc<\/strong> M.C.<em> Immunology and Immunopathology<\/em>. Medical Publish. House, 800p., 2015, ISBN 978-973-39-0785-5.<\/li>\n<li>Limban C., <strong>Chifiriuc<\/strong> C., Grumezescu A.M. <em>Thiourea derivatives as antimicrobials.<\/em> LAP LAMBERT Academic Publishing. 978-3659385407.2013<\/li>\n<li>Israil A., <strong>Chifiriuc C<\/strong>., Palade G., Cotar A., <i>Clinical and bacteriological aspects in bacterial infections associated to abdominal surgery emergencies.\u00a0<\/i>Editura Ars Docenti. 150 pag., 2013, 150ISBN 978-973-558-664-5<\/li>\n<li>Israil A.M., <strong>Chifiriuc M.C. <\/strong><em>Bacterial communication: new concepts in the antimicrobial therapy, <\/em>2009, Asclepius House, 110 p. ISBN 978-973-88785-7-0579.6<\/li>\n<li>Mihaescu G.,<strong> Chifiriuc M.C.<\/strong>, Ditu L.M.<em> Antibiotics and antimicrobial chemotherapeutic substances, <\/em>2008, Romanian Academy Publ. House, 358 p. ISBN 978-973-27-1573-4.<\/li>\n<li>Mihaescu G., Chifiriuc (<strong>Balotescu<\/strong>) M.C., Ciugulea I. <em>Toxins and other potentially toxic substances, <\/em>2005, Romanian Academy Publ. House, 364 p. ISBN 973-27-1136-1.<\/li>\n<\/ol>\n<p><strong>Textbooks<\/strong><\/p>\n<ol>\n<li>Laz\u0103r V., <strong>Chifiriuc<\/strong> M.C., Curu\u0163iu C., Mitache M.M., Marinescu F., Croitoru C., Mateescu L., M\u0103ru\u0163escu L. <em>Methods and standards for the microbiological control laboratories<\/em>. Ed. Univ. din Bucuresti, 196 p., 2015. ISBN 978-606-16-0695-5<\/li>\n<li>Mihaescu G., <strong>Chifiriuc <\/strong>C., Lazar V.\u00a0<em>Principles and techniques of immunological and molecular analysis for the clinical laboratory<\/em>. Ed. Univ. din Bucuresti, 350 pag., 2013, ISBN 978-606-16-0229-2<\/li>\n<li><strong>Chifiriuc M.C.<\/strong>, Mihaescu G., Lazar V. <em>Medical microbiology and virulogy<\/em> 2011, Univ. of Bucharest House, 745 p. ISBN 978-973-737-985-6579.61<\/li>\n<li>Mihaescu G., <strong>Chifiriuc C.<\/strong>, Ditu L.M. <em>Imunobiology <\/em>2009, of Bucharest Publ. House, 572 p. ISBN 978-973-737-734-0<\/li>\n<li>Mihaescu G., <strong>Chifiriuc C.<\/strong>, Ditu LM. <em>General microbiology<\/em> 2007, Univ. of Bucharest House, 552 p. ISBN-9789737372689.<\/li>\n<li>Lazar V., <strong>Balotescu<\/strong>, Cernat R., Bulai D., Stewart-Tull D. <em>Imunobiology<\/em> 2005, Univ. of Bucharest Publ. House, 250 p. ISBN-973-73-7124-0.<\/li>\n<\/ol>\n<p><strong>Guidelines\u00a0<\/strong><\/p>\n<ol>\n<li>Codita I., (coordonator), Mazilu M., Mihai D., Israil A.M., Ungureanu V., Chitoiu D., Petrescu A.M., Popa M, <strong>Balotescu C. <\/strong>Chersulik E., Lixandru B., Pana M., Ghita M., 2007 <em>National guide for the antibiotic susceptibility testing assay according with<\/em><em> CLSI\/NCCLS recommendations, <\/em>The Universitary House \u201cCarol Davila\u201d, Bucharest 45 p. ISBN: 978-973-708-210-7<\/li>\n<li>Cerkasov C., Oprea E., Farcasanu I.C., Paraschivescu C., Lazar V., Popa C.V., <strong>Balotescu M.C.<\/strong>, Ruta L.V., 2006, <em>Dictionnaire of therms specific to fields at the interface with chemistry<\/em>, of Bucharest Publ. House, 202 p. ISBN-<em>973739214-X<\/em>)<\/li>\n<\/ol>\n","protected":false},"excerpt":{"rendered":"<p>\u00a0Monographs Mihaescu G., Chifiriuc M.C. Immunology and Immunopathology. Medical Publish. House, 800p., 2015, ISBN 978-973-39-0785-5. Limban C., Chifiriuc C., Grumezescu A.M. Thiourea derivatives as antimicrobials. LAP LAMBERT Academic Publishing. 978-3659385407.2013 Israil A., Chifiriuc C., Palade G., Cotar A., Clinical and bacteriological aspects in bacterial infections associated to abdominal surgery emergencies.\u00a0Editura Ars Docenti. 150 pag., 2013, &hellip; <a href=\"http:\/\/carmenchifiriuc.ro\/?page_id=27\" class=\"more-link\">Continue reading <span class=\"screen-reader-text\">Books<\/span> <span class=\"meta-nav\">&rarr;<\/span><\/a><\/p>\n","protected":false},"author":1,"featured_media":0,"parent":19,"menu_order":0,"comment_status":"closed","ping_status":"closed","template":"","meta":{"footnotes":""},"class_list":["post-27","page","type-page","status-publish","hentry"],"_links":{"self":[{"href":"http:\/\/carmenchifiriuc.ro\/index.php?rest_route=\/wp\/v2\/pages\/27","targetHints":{"allow":["GET"]}}],"collection":[{"href":"http:\/\/carmenchifiriuc.ro\/index.php?rest_route=\/wp\/v2\/pages"}],"about":[{"href":"http:\/\/carmenchifiriuc.ro\/index.php?rest_route=\/wp\/v2\/types\/page"}],"author":[{"embeddable":true,"href":"http:\/\/carmenchifiriuc.ro\/index.php?rest_route=\/wp\/v2\/users\/1"}],"replies":[{"embeddable":true,"href":"http:\/\/carmenchifiriuc.ro\/index.php?rest_route=%2Fwp%2Fv2%2Fcomments&post=27"}],"version-history":[{"count":5,"href":"http:\/\/carmenchifiriuc.ro\/index.php?rest_route=\/wp\/v2\/pages\/27\/revisions"}],"predecessor-version":[{"id":65,"href":"http:\/\/carmenchifiriuc.ro\/index.php?rest_route=\/wp\/v2\/pages\/27\/revisions\/65"}],"up":[{"embeddable":true,"href":"http:\/\/carmenchifiriuc.ro\/index.php?rest_route=\/wp\/v2\/pages\/19"}],"wp:attachment":[{"href":"http:\/\/carmenchifiriuc.ro\/index.php?rest_route=%2Fwp%2Fv2%2Fmedia&parent=27"}],"curies":[{"name":"wp","href":"https:\/\/api.w.org\/{rel}","templated":true}]}}