{"id":254,"date":"2016-12-04T18:09:51","date_gmt":"2016-12-04T18:09:51","guid":{"rendered":"http:\/\/carmenchifiriuc.ro\/?page_id=254"},"modified":"2017-12-09T09:21:12","modified_gmt":"2017-12-09T09:21:12","slug":"pn-iii-p2-2-1-bg-2016-0369-transferul-cunoasterii-privind-investigarea-proprietatilor-antiinfectioase-si-antitumorale-ale-unor-noi-formulari-cosmetice-si-farmaceutice-pe-baza-de-extracte-naturale","status":"publish","type":"page","link":"http:\/\/carmenchifiriuc.ro\/?page_id=254","title":{"rendered":"PN-III-P2-2.1-BG-2016-0369 &#8211;  TRANSFERUL CUNOA\u015eTERII PRIVIND INVESTIGAREA PROPRIET\u0102\u0162ILOR ANTIINFEC\u0162IOASE \u015eI ANTITUMORALE ALE UNOR NOI FORMUL\u0102RI COSMETICE SI FARMACEUTICE PE BAZ\u0102 DE EXTRACTE NATURALE"},"content":{"rendered":"<p><a href=\"http:\/\/carmenchifiriuc.ro\/wp-content\/uploads\/2017\/12\/Rezumatul-etapei-II.docx\">Rezumatul etapei II<\/a><\/p>\n<p><a href=\"http:\/\/carmenchifiriuc.ro\/wp-content\/uploads\/2016\/12\/Raport_BeeHerE__2016.docx\">raport_beehere__2016<\/a><\/p>\n<table border=\"1\" width=\"99%\" cellspacing=\"1\" cellpadding=\"3\" align=\"center\" bgcolor=\"#ffffff\">\n<tbody>\n<tr>\n<td bgcolor=\"#ccddff\" height=\"25\"><strong>Cod proiect<\/strong><\/td>\n<td align=\"center\"><label id=\"818897897_data.DateGenerale.codDepunere\" for=\"null\">PN-III-P2-2.1-BG-2016-0369<\/label><\/td>\n<\/tr>\n<tr>\n<td bgcolor=\"#ccddff\" width=\"35%\" height=\"25\"><strong>Nr contractului<\/strong><\/td>\n<td align=\"center\"><label id=\"818897897_data.DateGenerale.nrContract\" for=\"null\">116BG<\/label><\/td>\n<\/tr>\n<tr>\n<td bgcolor=\"#ccddff\" height=\"25\"><strong>Titlul proiectului<\/strong><br \/>\n(\u00een rom\u00e2n\u0103)<\/td>\n<td align=\"center\"><span id=\"ss_818897897_data.DateGenerale.pTitluRo\" class=\"formCategoryItemTableInput Text\">Transferul cunoa\u015fterii privind investigarea propriet\u0103\u0163ilor antiinfec\u0163ioase \u015fi antitumorale ale unor noi formul\u0103ri cosmetice si farmaceutice pe baz\u0103 de extracte naturale<\/span><\/td>\n<\/tr>\n<tr>\n<td bgcolor=\"#ccddff\" height=\"25\"><strong>Titlul proiectului<\/strong><br \/>\n(\u00een englez\u0103)<\/td>\n<td align=\"center\"><span id=\"ss_818897897_data.DateGenerale.pTitluEn\" class=\"formCategoryItemTableInput Text\">Knowledge Transfer on investigation of the anti-infective and antitumoral activity of novel cosmetic and pharmaceutical formulations based on natural extracts<\/span><\/td>\n<\/tr>\n<tr>\n<td bgcolor=\"#ccddff\" height=\"25\"><strong>Acronimul proiectului<\/strong><\/td>\n<td align=\"center\"><span id=\"ss_818897897_data.DateGenerale.acronym\" class=\"formCategoryItemTableInput Text\">BeeHerE<\/span><\/td>\n<\/tr>\n<tr id=\"818897897_data.DateGenerale.showCerereFinantareRo\">\n<td bgcolor=\"#ccddff\" height=\"25\"><\/td>\n<td align=\"center\"><\/td>\n<\/tr>\n<tr>\n<td bgcolor=\"#ccddff\" height=\"25\"><strong>Abstract<\/strong><br \/>\n(\u00een rom\u00e2n\u0103)<\/td>\n<td align=\"center\"><span id=\"ss_818897897_data.DateGenerale.abstractRo\" class=\"formCategoryItemTableInput Text\">Proiectul propune elaborarea unei metodologii inovative de testare a activit\u0103\u0163ii antimicrobiene, antivirale, antitumorale \u015fi imunomodulatoare, precum \u015fi de \u00a0elucidare a mecanismelor de ac\u0163iune la nivel celular \u015fi molecular a unor extracte naturale vegetale \u015fi apicole, \u00een scopul introducerii acestora \u00een noi formul\u0103ri cosmetico-farmaceutice pentru extinderea gamei de produse comercializate de agentul economic participant \u00een proiect &#8211; Hofigal S.A.<br \/>\nStrategia \u00a0abordat\u0103 se bazeaz\u0103 pe numeroase date \u015ftiin\u0163ifice din literatura de specialitate \u015fi pe rezultatele experimentale originale ale tuturor partenerilor implica\u0163i, privind ob\u021binerea, caracterizarea \u0219i comercializarea unor produse \/compu\u0219i naturali cu actiune terapeutic\u0103 sau profilactic\u0103.<br \/>\nProiectul pe care \u00eel propunem se \u00eenscrie \u00eentr-o o direc\u021bie major\u0103 de cercetare la nivel mondial, viz\u00e2nd descoperirea \u0219i propunerea unor solu\u021bii de tratament complementar, cu compu\u0219i naturali de origine vegetal\u0103 sau pe baz\u0103 de propolis, al unor categorii de patologii (respectiv boli infec\u0163ioase \u015fi cancer) care ocup\u0103, \u00een prezent, topul cauzelor generatoare de morbiditate \u015fi mortalitate la nivel global.<br \/>\nAlternativele terapeutice care vor fi investigate \u00een cadrul acestui proiect \u00a0sunt reprezentate de utilizarea unor compu\u015fi naturali cu un poten\u0163ial terapeutic \u015fi preventiv ridicat, cuantificat pe baza urm\u0103toarelor propriet\u0103\u0163i: compozi\u021bia complex\u0103 ce permite ac\u021biunea simultan\u0103 asupra mai multor \u021binte biologice; diminuarea riscului select\u0103rii rezisten\u021bei la tratament, at\u00e2t \u00een cazul agen\u0163ilor infec\u0163io\u015fi virali, bacterieni \u015fi fungici, c\u00e2t \u015fi \u00een cazul celulelor tumorale; efect imunomodulator; biocompatibilitate ridicat\u0103; efecte secundare minime sau inexistente.<br \/>\n<\/span><\/td>\n<\/tr>\n<tr>\n<td bgcolor=\"#ccddff\" height=\"25\"><strong>Abstract<\/strong><br \/>\n(\u00een englez\u0103)<\/td>\n<td align=\"center\"><span id=\"ss_818897897_data.DateGenerale.abstract\" class=\"formCategoryItemTableInput Text\">The present project proposal aims the development of an innovative methodology for testing the antimicrobial, antiviral, anti-tumor and immunomodulatory activity, and to elucidate the mechanisms of action at the cellular and molecular level of natural bee and plant extracts with the purpose of introducing them \u00een new cosmetic and pharmaceutical formulations, for expanding the marketed products range of the economic agent participating \u00een the project &#8211; Hofigal S.A.<br \/>\nThe addressed strategy is based on abundant scientific literature and original experimental results of all involved partners regarding the characterization and marketing of natural products \/ compounds with therapeutic or prophylactic value.<br \/>\nThe proposed project falls into a major research direction aimed at the discovery of complementary therapeutic solutions based on natural compounds, for the treatment of \u00a0different pathologies (i.e., infectious diseases and cancer), which are currently found \u00een the top of causes of global morbidity and mortality.<br \/>\nThe therapeutic alternatives that will be investigated \u00een this project are based on natural compounds of vegetal and bee origin, with high therapeutic and preventive potential, due to the following properties: complex composition that allows simultaneous action on multiple biological targets; decreased risk for selecting resistance, both \u00een case of infectious agents, such as viral, bacterial and fungal, and \u00een the case of tumor cells; immunomodulatory effect; high biocompatibility; minimal or no side effects.<br \/>\n<\/span><\/td>\n<\/tr>\n<tr>\n<td bgcolor=\"#ccddff\" height=\"25\"><strong>Obiectivul proiectului<\/strong><br \/>\n(\u00een rom\u00e2n\u0103)<\/td>\n<td align=\"center\"><span id=\"ss_818897897_data.DateGenerale.obiectiv\" class=\"formCategoryItemTableInput Text\">Scopul proiectului este elaborarea unei metodologii inovative de testare a activit\u0103\u0163ii antiinfec\u021bioase, \u00a0antitumorale \u0219i imunomodulatoare, precum \u0219i de elucidare a mecanismelor de ac\u021biune la nivel celular \u0219i molecular a unor extracte naturale vegetale \u0219i pe baz\u0103 de propolis, \u00een scopul introducerii acestora \u00een noi formul\u0103ri cosmetice \u015fi farmaceutice pentru extinderea gamei de produse comercializate de agentul economic participant \u00een proiect &#8211; Hofigal S.A.<br \/>\nAcest deziderat se va realiza prin utilizarea expertizei \u0219i infrastructurii existente \u00een Universitatea din Bucure\u015fti, Facultatea de Biologie, Institutul de Cercet\u0103ri al Universit\u0103\u021bii din Bucure\u0219ti-ICUB, Sec\u021biunea \u0218tiin\u021bele Vie\u021bii, Mediului \u0219i P\u0103m\u00e2ntului \u015fi Institutul de Virusologie \u0218t.S. Nicolau.<br \/>\nIn cadrul proiectului, Hofigal va pune la dispozi\u021bie plantele, produsele apicole \u0219i extractele concentrate, \u0219i va realiza \u00a0caracterizarea fizico-chimic\u0103 a acestora. Vor fi luate \u00een studiu urm\u0103toarele plante \u0219i derivate din plante: armurariu (Sylibum marianum \/ Cardus marianum &#8211; fructus) (ac\u021biune chemopreventiv\u0103, antiinflamatorie); rosmarin (Rosmarinus officinalis \u2013 folium) (ac\u021biune antioxidant\u0103, antiseptic\u0103, antiinflamatorie); catina ro\u015fie (Tamarix gallica) (ac\u0163iune detoxifiant\u0103, antiviral\u0103, antiinflamatorie); rostopasca (Chelidonium majus) (ac\u021biune antitumoral\u0103, antiviral\u0103, antiinflamatorie); lemn dulce (Glycyrrhyza glabra \u2013 radix) (ac\u021biune imunomodulatoare, antiinflamatorie, antiviral\u0103, antimicotic\u0103); propolis (efect antimicrobian de spectru larg, antiviral, antitumoral, antioxidant, imunomodulator.<br \/>\n<\/span><\/td>\n<\/tr>\n<tr>\n<td bgcolor=\"#ccddff\" height=\"25\"><strong>Obiectivul proiectului<\/strong><br \/>\n(\u00een englez\u0103)<\/td>\n<td align=\"center\"><span id=\"ss_818897897_data.DateGenerale.obiectivEn\" class=\"formCategoryItemTableInput Text\">The project goal is to develop an innovative methodology for testing the anti-infective, anti-tumoral and immunomodulatory activity and to elucidate the mechanisms of action at the cellular and molecular level of botanical and propolis extracts, in the purpose to introduce them in new cosmetic and pharmaceutical formulations for expanding the range of products sold by the economic entity participating in the project &#8211; Hofigal SA.<br \/>\nThis goal will be achieved through the use of existing infrastructure and expertise of the teams from the University of Bucharest, Faculty of Biology, Research Institute of the University of Bucharest, Life, Environment and Earth Sciences Section and the Institute of Virology \u015et.S. Nicolau.<br \/>\nIn the project, Hofigal will provide the plants, bee products and concentrated extracts and will undertake their physicochemical characterization. There will be studied the following plants and plant-derived: thistle (Sylibum marianum \/ Cardus marianum &#8211; fruits) (chemopreventive and anti-inflammatory activity); rosemary (Rosmarinus officinalis &#8211; leaves) (antioxidant, antiseptic, anti-inflammatory activity); red buckthorn (Tamarix gallica) (detoxifying, antiviral, anti-inflammatory activity); celandine (Chelidonium majus) (antitumor, antiviral, anti-inflammatory activity); licorice (Glycyrrhyza glabra &#8211; radix) (immunomodulatory, anti-inflammatory, antiviral, antifungal activity); propolis (broad-spectrum antimicrobial activity, antiviral, antitumor, antioxidant, immunomodulatory activity.<br \/>\n<\/span><\/td>\n<\/tr>\n<tr>\n<td bgcolor=\"#ccddff\" height=\"25\"><\/td>\n<td align=\"center\"><\/td>\n<\/tr>\n<\/tbody>\n<\/table>\n","protected":false},"excerpt":{"rendered":"<p>Rezumatul etapei II raport_beehere__2016 Cod proiect PN-III-P2-2.1-BG-2016-0369 Nr contractului 116BG Titlul proiectului (\u00een rom\u00e2n\u0103) Transferul cunoa\u015fterii privind investigarea propriet\u0103\u0163ilor antiinfec\u0163ioase \u015fi antitumorale ale unor noi formul\u0103ri cosmetice si farmaceutice pe baz\u0103 de extracte naturale Titlul proiectului (\u00een englez\u0103) Knowledge Transfer on investigation of the anti-infective and antitumoral activity of novel cosmetic and pharmaceutical formulations based &hellip; <a href=\"http:\/\/carmenchifiriuc.ro\/?page_id=254\" class=\"more-link\">Continue reading <span class=\"screen-reader-text\">PN-III-P2-2.1-BG-2016-0369 &#8211;  TRANSFERUL CUNOA\u015eTERII PRIVIND INVESTIGAREA PROPRIET\u0102\u0162ILOR ANTIINFEC\u0162IOASE \u015eI ANTITUMORALE ALE UNOR NOI FORMUL\u0102RI COSMETICE SI FARMACEUTICE PE BAZ\u0102 DE EXTRACTE NATURALE<\/span> <span class=\"meta-nav\">&rarr;<\/span><\/a><\/p>\n","protected":false},"author":1,"featured_media":0,"parent":0,"menu_order":1,"comment_status":"closed","ping_status":"closed","template":"","meta":{"footnotes":""},"class_list":["post-254","page","type-page","status-publish","hentry"],"_links":{"self":[{"href":"http:\/\/carmenchifiriuc.ro\/index.php?rest_route=\/wp\/v2\/pages\/254","targetHints":{"allow":["GET"]}}],"collection":[{"href":"http:\/\/carmenchifiriuc.ro\/index.php?rest_route=\/wp\/v2\/pages"}],"about":[{"href":"http:\/\/carmenchifiriuc.ro\/index.php?rest_route=\/wp\/v2\/types\/page"}],"author":[{"embeddable":true,"href":"http:\/\/carmenchifiriuc.ro\/index.php?rest_route=\/wp\/v2\/users\/1"}],"replies":[{"embeddable":true,"href":"http:\/\/carmenchifiriuc.ro\/index.php?rest_route=%2Fwp%2Fv2%2Fcomments&post=254"}],"version-history":[{"count":5,"href":"http:\/\/carmenchifiriuc.ro\/index.php?rest_route=\/wp\/v2\/pages\/254\/revisions"}],"predecessor-version":[{"id":341,"href":"http:\/\/carmenchifiriuc.ro\/index.php?rest_route=\/wp\/v2\/pages\/254\/revisions\/341"}],"wp:attachment":[{"href":"http:\/\/carmenchifiriuc.ro\/index.php?rest_route=%2Fwp%2Fv2%2Fmedia&parent=254"}],"curies":[{"name":"wp","href":"https:\/\/api.w.org\/{rel}","templated":true}]}}