{"id":185,"date":"2016-03-02T11:06:44","date_gmt":"2016-03-02T11:06:44","guid":{"rendered":"http:\/\/carmenchifiriuc.ro\/?page_id=185"},"modified":"2016-12-05T21:24:50","modified_gmt":"2016-12-05T21:24:50","slug":"pn-ii-id-pce-2011-3-0576contract-no-154","status":"publish","type":"page","link":"http:\/\/carmenchifiriuc.ro\/?page_id=185","title":{"rendered":"PN-II-ID-PCE-2011-3-0576\/contract no. 154"},"content":{"rendered":"<p><a href=\"http:\/\/carmenchifiriuc.ro\/wp-content\/uploads\/2016\/03\/Raport_Idei_154_anul_2011.pdf\">raport_idei_154_anul_2011<\/a><\/p>\n<p><a href=\"http:\/\/carmenchifiriuc.ro\/wp-content\/uploads\/2016\/03\/Raport_Idei_154_anul_2012.pdf\">raport_idei_154_anul_2012<\/a><\/p>\n<p><a href=\"http:\/\/carmenchifiriuc.ro\/wp-content\/uploads\/2016\/03\/Raport_Idei_154_anul_2013.pdf\">raport_idei_154_anul_2013<\/a><\/p>\n<p><a href=\"http:\/\/carmenchifiriuc.ro\/wp-content\/uploads\/2016\/03\/Raport_idei_154_anul_2014.pdf\">raport_idei_154_anul_2014<\/a><\/p>\n<p><a href=\"http:\/\/carmenchifiriuc.ro\/wp-content\/uploads\/2016\/03\/Raport_Idei_154_anul_2015.doc\">raport_idei_154_anul_2015<\/a><\/p>\n<p><a href=\"http:\/\/carmenchifiriuc.ro\/wp-content\/uploads\/2016\/03\/Raport_Final_de_Activitate.docx\">raport_final_de_activitate<\/a><\/p>\n<table border=\"1\" width=\"99%\" cellspacing=\"1\" cellpadding=\"3\" align=\"center\" bgcolor=\"#FFFFFF\">\n<tbody>\n<tr>\n<td bgcolor=\"#FFDBA6\" height=\"25\"><strong>Titlul proiectului in engleza<\/strong><\/td>\n<td align=\"center\">\n<p style=\"text-align: justify;\"><span id=\"ss_1007627181_data.DateGenerale.pTitluEn\" class=\"formCategoryItemTableInput Text\">Effects of <em>P. aeruginosa<\/em> quorum sensing molecules on <em>Drosophila<\/em> genome: a new tool to identify candidate genes involved in host-pathogen crosstalk<\/span><\/p>\n<p>&nbsp;<\/td>\n<\/tr>\n<tr>\n<td bgcolor=\"#FFDBA6\" height=\"25\"><strong>Titlul proiectului in romana<\/strong><\/td>\n<td align=\"center\">\n<p style=\"text-align: justify;\"><span id=\"ss_1007627181_data.DateGenerale.pTitluRo\" class=\"formCategoryItemTableInput Text\">Efectele moleculelor de quorum sensing produse de <em>P. aeruginosa<\/em> asupra genomului de Drosophila: o noua cale de identificare a genelor candidat implicate in comunicarea gazda-agent infectios <\/span><\/p>\n<p>&nbsp;<\/td>\n<\/tr>\n<tr>\n<td bgcolor=\"#FFDBA6\" height=\"25\"><strong>Abstract (Romana)<\/strong>*<\/td>\n<td align=\"center\">\n<p style=\"text-align: justify;\"><span id=\"ss_1007627181_data.DateGenerale.abstractRo\" class=\"formCategoryItemTableInput Text\">Pseudomonas aeruginosa, un microorganism multirezistent, responsabil de rate ridicate de \u00a0morbiditate \u0219i mortalitate datorate infec\u021biilor oportuniste \u0219i nosocomiale, mai ales \u00een tarile in curs de dezvoltare, comunic\u0103 intraspecific si cu gazdele eucariote prin mecanisme de semnalizare intercelulara, mediate de mecanisme de quorum sensing care se bazeaza pe producerea de molecule cu greutate molecular\u0103 mic\u0103 implicate in reglarea expresiei coordonate a factorilor de virulen\u021b\u0103. Moleculele de semnalizare produse de P. aeruginosa (MSPA) pot exercita \u00a0efecte pleiotropice asupra celulelor eucariote \u00een cultura. \u00cen prezentul proiect ne propunem un model original, integrativ de abordare in vivo pentru investigarea modului \u00een care astfel de molecule de semnalizare pot modula genomul de Drosophila melanogaster, \u00een scopul identificarii genelor implicate in imunitate si a ortologilor \u00a0lor umani. \u00cen acest scop, vor fi evaluate efectele fenotipice ale MSPA \u0219i ale celulelor viabile de P. aeruginosa (tulpini virulente versus defective pentru sistemul de quorum sensing) asupra liniilor de D. melanogaster de tip s\u0103lbatic \u0219i mutante, in scopul eviden\u021bierii genelor cu niveluri de expresie modulate semnificativ, urmate de identificarea prin mijloace bioinformatice a genelor ortoloage umane, evaluarea efectelor MSPA si ale celulelor viabile de P. aeruginosa asupra \u00a0profilurilor de expresie genica in celule eucariote umane \u0219i de formularea unor concluzii privind contribu\u021bia rezultatelor obtinute la dezvoltarea de noi strategii terapeutice utile in managementul bolilor infec\u021bioase \u0219i al celor cu substrat imunologic. <\/span><\/p>\n<p>&nbsp;<\/td>\n<\/tr>\n<tr>\n<td bgcolor=\"#FFDBA6\" height=\"25\"><strong>Abstract (Engleza)<\/strong><\/td>\n<td align=\"center\">&nbsp;<\/p>\n<p style=\"text-align: justify;\"><span id=\"ss_1007627181_data.DateGenerale.abstract\" class=\"formCategoryItemTableInput Text\">Pseudomonas aeruginosa, an emerging multi-drug resistant organism, one of the major contributors to morbidity and mortality in opportunistic and nosocomial infections, communicates intra-species and with the eukaryotic hosts by cross-kingdom inter-cellular signaling mechanisms such as quorum sensing (QS), relying on low-molecular weight excreted molecules, to control the production of virulence factors. The P. aeruginosa QS signaling molecules (QSSMs) have in vitro pleiotropic effects on eukaryotic cells. In the present project we propose an original, integrative in vivo approach for the investigation of the way in which such signaling molecules modulate the Drosophila melanogaster genome, in order to identify the most sensitive eukaryotic genes targeted by the QSSMs and the specific orthologous genes in the Homo sapiens genome. In order to accomplish our purpose, we will evaluate the phenotypic effects of QSSMs and viable P. aeruginosa cells (virulent versus quorum sensing defective strains) on D. melanogaster wild type and mutant strains, highlight the genes expressing a significant up- or down-regulation, identify by bioinformatics the orthologous human genes, assess the effects of P. aeruginosa QSSMs and viable P. aeruginosa cells on the respective genes profiles in the human eukaryotic cells and finally formulate the clinical contribution of our findings to future development of novel therapeutics for a multitude of infectious and immunological diseases.<\/span><\/p>\n<p>&nbsp;<\/td>\n<\/tr>\n<tr>\n<td bgcolor=\"#FFDBA6\" height=\"25\"><strong>Obiectivele proiectului<\/strong><\/p>\n<p><strong>(Engleza)<\/strong><\/td>\n<td align=\"center\">\n<p style=\"text-align: justify;\"><span id=\"ss_1007627181_data.DateGenerale.obiectiv\" class=\"formCategoryItemTableInput Text\">In the present project, we propose an original, integrative in vivo approach for the investigation of the way in which P. aeruginosa QSSMs modulate the genome of D. melanogaster, in order to further identify significantly up- or down-regulated genes. Our in vivo approach concerning gene expression modulation by QSSMs molecules is intended to reveal genes involved in the immune response, but also genes involved in other stress adaptive response pathways, such as apoptosis. This integrative model will allow us to identify specific orthologous genes in the genome of Homo sapiens and to investigate how they are modulated by QSSMs . Since the concentration of the synthetic QS molecules is controllable, we will be able to simulate different scenarios of infections with various bacterial charges and to monitor accordingly the modulation of the transcription rate of GOIs (genes of interest). In order to accomplish our purpose, the following objectives will be followed:<br \/>\nOb.1: Evaluation of the phenotypic effects of QSSM and viable P. aeruginosa cells (virulent versus quorum sensing defective strains) on D. melanogaster wild type and mutant strains.<br \/>\nOb.2: Highlighting the gene expression profile of inoculated\/infected fruit flies versus untreated organisms.<br \/>\nOb. 3: Bioinformatic analysis of the functions of the genes expressing a significant up- or down-regulation and identifying orthologous human genes.<br \/>\nOb. 4: Assessment of the effects of P. aeruginosa QSSMs and viable P. aeruginosa cells (virulent versus quorum sensing defective strains) on the identified orthologous human genes expression and subsequent phenotypic traits using eukaryotic cells in culture.<br \/>\nOb.5: Formulation of the clinical significance of the findings, based on the evidenced bioactivities of the chemically defined QSSMs.<br \/>\nOb.6: Project management, dissemination of results and human resource development. <\/span><\/p>\n<\/td>\n<\/tr>\n<\/tbody>\n<\/table>\n<p style=\"text-align: justify;\"><strong>\u00a0Research team:<br \/>\n<\/strong><\/p>\n<div data-canvas-width=\"154.16\">Project manager:<\/div>\n<div data-canvas-width=\"212.2\">Mariana Carmen Chifiriuc<\/div>\n<div>Research team members:<\/div>\n<div data-canvas-width=\"178.35999999999996\">Senior Researcher, Prof. Veronica Lazar<\/div>\n<div data-canvas-width=\"238.85999999999993\">Senior Researcher, Lecturer Alexandru Ecovoiu<\/div>\n<div data-canvas-width=\"299.66\">Senior Researcher, dr. Coralia Bleotu<\/div>\n<div data-canvas-width=\"262.47999999999996\">Postdoc, dr. Luminita Marutescu<\/div>\n<div data-canvas-width=\"120.52000000000001\">Postdoc, dr. Attila Ratiu<\/div>\n<div data-canvas-width=\"187.48\">Postdoc, dr. Holban Alina Maria<\/div>\n<div data-canvas-width=\"135.38\">PhD Czobor Ilda<\/div>\n<div data-canvas-width=\"150.82\">PhD Marcela Popa<\/div>\n<div data-canvas-width=\"342.82\">Administrative and technical personnel:<\/div>\n<div data-canvas-width=\"193.02\">Sarbu Ecaterina Monica<\/div>\n<div data-canvas-width=\"120.44000000000001\">Serban Viorica<\/div>\n<div data-canvas-width=\"134.8\">Costache Liliana<\/div>\n<div data-canvas-width=\"114.21999999999998\">Stoica I Maria<\/div>\n<div data-canvas-width=\"114.21999999999998\"><\/div>\n<div data-canvas-width=\"114.21999999999998\">\n<div data-canvas-width=\"216.07999999999998\"><strong>ALLOCATED BUDGET<\/strong><\/div>\n<div data-canvas-width=\"65\">2011-125,000<\/div>\n<div data-canvas-width=\"65\">2012-500,000<\/div>\n<div data-canvas-width=\"89.99999999999999\">2013-225,745.43<\/div>\n<div data-canvas-width=\"65\">2014-187,500<\/div>\n<div data-canvas-width=\"89.99999999999999\">2015-461,754.57<\/div>\n<div data-canvas-width=\"89.99999999999999\">2016-312,768.57<\/div>\n<\/div>\n<p><input id=\"pageNumber\" class=\"toolbarField pageNumber\" tabindex=\"15\" max=\"18\" min=\"1\" size=\"4\" type=\"number\" value=\"1\" \/><\/p>\n<div id=\"toolbarViewerLeft\"><\/div>\n","protected":false},"excerpt":{"rendered":"<p>raport_idei_154_anul_2011 raport_idei_154_anul_2012 raport_idei_154_anul_2013 raport_idei_154_anul_2014 raport_idei_154_anul_2015 raport_final_de_activitate Titlul proiectului in engleza Effects of P. aeruginosa quorum sensing molecules on Drosophila genome: a new tool to identify candidate genes involved in host-pathogen crosstalk &nbsp; Titlul proiectului in romana Efectele moleculelor de quorum sensing produse de P. aeruginosa asupra genomului de Drosophila: o noua cale de identificare a &hellip; <a href=\"http:\/\/carmenchifiriuc.ro\/?page_id=185\" class=\"more-link\">Continue reading <span class=\"screen-reader-text\">PN-II-ID-PCE-2011-3-0576\/contract no. 154<\/span> <span class=\"meta-nav\">&rarr;<\/span><\/a><\/p>\n","protected":false},"author":1,"featured_media":0,"parent":0,"menu_order":0,"comment_status":"closed","ping_status":"closed","template":"","meta":{"footnotes":""},"class_list":["post-185","page","type-page","status-publish","hentry"],"_links":{"self":[{"href":"http:\/\/carmenchifiriuc.ro\/index.php?rest_route=\/wp\/v2\/pages\/185","targetHints":{"allow":["GET"]}}],"collection":[{"href":"http:\/\/carmenchifiriuc.ro\/index.php?rest_route=\/wp\/v2\/pages"}],"about":[{"href":"http:\/\/carmenchifiriuc.ro\/index.php?rest_route=\/wp\/v2\/types\/page"}],"author":[{"embeddable":true,"href":"http:\/\/carmenchifiriuc.ro\/index.php?rest_route=\/wp\/v2\/users\/1"}],"replies":[{"embeddable":true,"href":"http:\/\/carmenchifiriuc.ro\/index.php?rest_route=%2Fwp%2Fv2%2Fcomments&post=185"}],"version-history":[{"count":10,"href":"http:\/\/carmenchifiriuc.ro\/index.php?rest_route=\/wp\/v2\/pages\/185\/revisions"}],"predecessor-version":[{"id":294,"href":"http:\/\/carmenchifiriuc.ro\/index.php?rest_route=\/wp\/v2\/pages\/185\/revisions\/294"}],"wp:attachment":[{"href":"http:\/\/carmenchifiriuc.ro\/index.php?rest_route=%2Fwp%2Fv2%2Fmedia&parent=185"}],"curies":[{"name":"wp","href":"https:\/\/api.w.org\/{rel}","templated":true}]}}